{"id":9538,"date":"2025-05-22T06:31:58","date_gmt":"2025-05-22T04:31:58","guid":{"rendered":"https:\/\/carsmotos.com.gt\/?post_type=product&#038;p=9538"},"modified":"2025-05-22T06:38:45","modified_gmt":"2025-05-22T04:38:45","slug":"bateria-de-motocicleta","status":"publish","type":"product","link":"https:\/\/carsmotos.com.gt\/?product=bateria-de-motocicleta","title":{"rendered":"BATER\u00cdA DE MOTOCICLETA"},"content":{"rendered":"<p>Bater\u00eda MAGNUM PREMIUM para motos<\/p>\n<div class=\"pvc_clear\"><\/div>\n<p id=\"pvc_stats_9538\" class=\"pvc_stats all  \" data-element-id=\"9538\" style=\"\"><i class=\"pvc-stats-icon medium\" aria-hidden=\"true\"><svg aria-hidden=\"true\" focusable=\"false\" data-prefix=\"far\" data-icon=\"chart-bar\" role=\"img\" xmlns=\"http:\/\/www.w3.org\/2000\/svg\" viewBox=\"0 0 512 512\" class=\"svg-inline--fa fa-chart-bar fa-w-16 fa-2x\"><path fill=\"currentColor\" d=\"M396.8 352h22.4c6.4 0 12.8-6.4 12.8-12.8V108.8c0-6.4-6.4-12.8-12.8-12.8h-22.4c-6.4 0-12.8 6.4-12.8 12.8v230.4c0 6.4 6.4 12.8 12.8 12.8zm-192 0h22.4c6.4 0 12.8-6.4 12.8-12.8V140.8c0-6.4-6.4-12.8-12.8-12.8h-22.4c-6.4 0-12.8 6.4-12.8 12.8v198.4c0 6.4 6.4 12.8 12.8 12.8zm96 0h22.4c6.4 0 12.8-6.4 12.8-12.8V204.8c0-6.4-6.4-12.8-12.8-12.8h-22.4c-6.4 0-12.8 6.4-12.8 12.8v134.4c0 6.4 6.4 12.8 12.8 12.8zM496 400H48V80c0-8.84-7.16-16-16-16H16C7.16 64 0 71.16 0 80v336c0 17.67 14.33 32 32 32h464c8.84 0 16-7.16 16-16v-16c0-8.84-7.16-16-16-16zm-387.2-48h22.4c6.4 0 12.8-6.4 12.8-12.8v-70.4c0-6.4-6.4-12.8-12.8-12.8h-22.4c-6.4 0-12.8 6.4-12.8 12.8v70.4c0 6.4 6.4 12.8 12.8 12.8z\" class=\"\"><\/path><\/svg><\/i> <img loading=\"lazy\" decoding=\"async\" width=\"16\" height=\"16\" alt=\"Loading\" src=\"https:\/\/carsmotos.com.gt\/wp-content\/plugins\/page-views-count\/ajax-loader-2x.gif\" border=0 \/><\/p>\n<div class=\"pvc_clear\"><\/div>\n","protected":false},"excerpt":{"rendered":"<p>\u00a1Hola a todos! Hoy vamos a hablar sobre la bater\u00eda de motocicleta <strong>MAGNUM XTX7A-85-MO<\/strong>. Esta bater\u00eda es una excelente opci\u00f3n para quienes buscan fiabilidad y rendimiento en sus motos. Aqu\u00ed van algunos puntos clave:<\/p>\n<h2><strong>Caracter\u00edsticas Principales<\/strong><\/h2>\n<p>Voltaje: 12V &#8211; Ideal para la mayor\u00eda de las motocicletas.<br \/>\nDurabilidad: Parte de la l\u00ednea Premium de Magnum, lo que asegura una mayor vida \u00fatil.<br \/>\nArranque: Dise\u00f1ada para proporcionar un arranque r\u00e1pido y seguro, incluso en condiciones adversas.<br \/>\nMantenimiento: Bater\u00eda sellada y libre de mantenimiento, lo que significa menos preocupaciones para el usuario.<\/p>\n<h2>Beneficios<\/h2>\n<p>Energ\u00eda constante: Mantiene un suministro de energ\u00eda estable para todos los componentes el\u00e9ctricos de tu moto.<br \/>\nF\u00e1cil instalaci\u00f3n: Su dise\u00f1o permite una instalaci\u00f3n sencilla en la mayor\u00eda de las motocicletas.<br \/>\nRendimiento confiable: Perfecta para viajes largos o uso diario.<\/p>\n<div class=\"pvc_clear\"><\/div>\n<p id=\"pvc_stats_9538\" class=\"pvc_stats all  \" data-element-id=\"9538\" style=\"\"><i class=\"pvc-stats-icon medium\" aria-hidden=\"true\"><svg aria-hidden=\"true\" focusable=\"false\" data-prefix=\"far\" data-icon=\"chart-bar\" role=\"img\" xmlns=\"http:\/\/www.w3.org\/2000\/svg\" viewBox=\"0 0 512 512\" class=\"svg-inline--fa fa-chart-bar fa-w-16 fa-2x\"><path fill=\"currentColor\" d=\"M396.8 352h22.4c6.4 0 12.8-6.4 12.8-12.8V108.8c0-6.4-6.4-12.8-12.8-12.8h-22.4c-6.4 0-12.8 6.4-12.8 12.8v230.4c0 6.4 6.4 12.8 12.8 12.8zm-192 0h22.4c6.4 0 12.8-6.4 12.8-12.8V140.8c0-6.4-6.4-12.8-12.8-12.8h-22.4c-6.4 0-12.8 6.4-12.8 12.8v198.4c0 6.4 6.4 12.8 12.8 12.8zm96 0h22.4c6.4 0 12.8-6.4 12.8-12.8V204.8c0-6.4-6.4-12.8-12.8-12.8h-22.4c-6.4 0-12.8 6.4-12.8 12.8v134.4c0 6.4 6.4 12.8 12.8 12.8zM496 400H48V80c0-8.84-7.16-16-16-16H16C7.16 64 0 71.16 0 80v336c0 17.67 14.33 32 32 32h464c8.84 0 16-7.16 16-16v-16c0-8.84-7.16-16-16-16zm-387.2-48h22.4c6.4 0 12.8-6.4 12.8-12.8v-70.4c0-6.4-6.4-12.8-12.8-12.8h-22.4c-6.4 0-12.8 6.4-12.8 12.8v70.4c0 6.4 6.4 12.8 12.8 12.8z\" class=\"\"><\/path><\/svg><\/i> <img loading=\"lazy\" decoding=\"async\" width=\"16\" height=\"16\" alt=\"Loading\" src=\"https:\/\/carsmotos.com.gt\/wp-content\/plugins\/page-views-count\/ajax-loader-2x.gif\" border=0 \/><\/p>\n<div class=\"pvc_clear\"><\/div>\n","protected":false},"featured_media":9537,"comment_status":"open","ping_status":"closed","template":"","meta":[],"product_brand":[],"product_cat":[16],"product_tag":[],"class_list":{"0":"post-9538","1":"product","2":"type-product","3":"status-publish","4":"has-post-thumbnail","6":"product_cat-sin-categorizar","8":"first","9":"instock","10":"sale","11":"shipping-taxable","12":"purchasable","13":"product-type-simple"},"a3_pvc":{"activated":true,"total_views":0,"today_views":0},"jetpack_sharing_enabled":true,"featured_media_urls":{"thumbnail":["https:\/\/carsmotos.com.gt\/wp-content\/uploads\/2025\/05\/01-BATERIA-MOTOS-150x150.png",150,150,true],"medium":["https:\/\/carsmotos.com.gt\/wp-content\/uploads\/2025\/05\/01-BATERIA-MOTOS-300x300.png",300,300,true],"medium_large":["https:\/\/carsmotos.com.gt\/wp-content\/uploads\/2025\/05\/01-BATERIA-MOTOS.png",550,550,false],"large":["https:\/\/carsmotos.com.gt\/wp-content\/uploads\/2025\/05\/01-BATERIA-MOTOS.png",550,550,false],"1536x1536":["https:\/\/carsmotos.com.gt\/wp-content\/uploads\/2025\/05\/01-BATERIA-MOTOS.png",550,550,false],"2048x2048":["https:\/\/carsmotos.com.gt\/wp-content\/uploads\/2025\/05\/01-BATERIA-MOTOS.png",550,550,false],"inspiro-featured-image":["https:\/\/carsmotos.com.gt\/wp-content\/uploads\/2025\/05\/01-BATERIA-MOTOS.png",550,550,false],"inspiro-loop":["https:\/\/carsmotos.com.gt\/wp-content\/uploads\/2025\/05\/01-BATERIA-MOTOS-550x320.png",550,320,true],"inspiro-loop@2x":["https:\/\/carsmotos.com.gt\/wp-content\/uploads\/2025\/05\/01-BATERIA-MOTOS.png",550,550,false],"woocommerce_thumbnail":["https:\/\/carsmotos.com.gt\/wp-content\/uploads\/2025\/05\/01-BATERIA-MOTOS-300x300.png",300,300,true],"woocommerce_single":["https:\/\/carsmotos.com.gt\/wp-content\/uploads\/2025\/05\/01-BATERIA-MOTOS.png",550,550,false],"woocommerce_gallery_thumbnail":["https:\/\/carsmotos.com.gt\/wp-content\/uploads\/2025\/05\/01-BATERIA-MOTOS-100x100.png",100,100,true],"portfolio_item-thumbnail":["https:\/\/carsmotos.com.gt\/wp-content\/uploads\/2025\/05\/01-BATERIA-MOTOS-550x400.png",550,400,true],"portfolio_item-thumbnail@2x":["https:\/\/carsmotos.com.gt\/wp-content\/uploads\/2025\/05\/01-BATERIA-MOTOS.png",550,550,false],"portfolio_item-masonry":["https:\/\/carsmotos.com.gt\/wp-content\/uploads\/2025\/05\/01-BATERIA-MOTOS.png",550,550,false],"portfolio_item-masonry@2x":["https:\/\/carsmotos.com.gt\/wp-content\/uploads\/2025\/05\/01-BATERIA-MOTOS.png",550,550,false],"portfolio_item-thumbnail_cinema":["https:\/\/carsmotos.com.gt\/wp-content\/uploads\/2025\/05\/01-BATERIA-MOTOS-550x335.png",550,335,true],"portfolio_item-thumbnail_portrait":["https:\/\/carsmotos.com.gt\/wp-content\/uploads\/2025\/05\/01-BATERIA-MOTOS.png",550,550,false],"portfolio_item-thumbnail_portrait@2x":["https:\/\/carsmotos.com.gt\/wp-content\/uploads\/2025\/05\/01-BATERIA-MOTOS.png",550,550,false],"portfolio_item-thumbnail_square":["https:\/\/carsmotos.com.gt\/wp-content\/uploads\/2025\/05\/01-BATERIA-MOTOS.png",550,550,false]},"_links":{"self":[{"href":"https:\/\/carsmotos.com.gt\/index.php?rest_route=\/wp\/v2\/product\/9538","targetHints":{"allow":["GET"]}}],"collection":[{"href":"https:\/\/carsmotos.com.gt\/index.php?rest_route=\/wp\/v2\/product"}],"about":[{"href":"https:\/\/carsmotos.com.gt\/index.php?rest_route=\/wp\/v2\/types\/product"}],"replies":[{"embeddable":true,"href":"https:\/\/carsmotos.com.gt\/index.php?rest_route=%2Fwp%2Fv2%2Fcomments&post=9538"}],"wp:featuredmedia":[{"embeddable":true,"href":"https:\/\/carsmotos.com.gt\/index.php?rest_route=\/wp\/v2\/media\/9537"}],"wp:attachment":[{"href":"https:\/\/carsmotos.com.gt\/index.php?rest_route=%2Fwp%2Fv2%2Fmedia&parent=9538"}],"wp:term":[{"taxonomy":"product_brand","embeddable":true,"href":"https:\/\/carsmotos.com.gt\/index.php?rest_route=%2Fwp%2Fv2%2Fproduct_brand&post=9538"},{"taxonomy":"product_cat","embeddable":true,"href":"https:\/\/carsmotos.com.gt\/index.php?rest_route=%2Fwp%2Fv2%2Fproduct_cat&post=9538"},{"taxonomy":"product_tag","embeddable":true,"href":"https:\/\/carsmotos.com.gt\/index.php?rest_route=%2Fwp%2Fv2%2Fproduct_tag&post=9538"}],"curies":[{"name":"wp","href":"https:\/\/api.w.org\/{rel}","templated":true}]}}